{"id":1344,"date":"2026-02-08T15:16:41","date_gmt":"2026-02-08T14:16:41","guid":{"rendered":"https:\/\/www.gureas.com\/?page_id=1344"},"modified":"2026-02-26T22:14:33","modified_gmt":"2026-02-26T21:14:33","slug":"impressum","status":"publish","type":"page","link":"https:\/\/www.gureas.com\/en\/impressum\/","title":{"rendered":"Impressum"},"content":{"rendered":"<style>.elementor-1344 .elementor-element.elementor-element-35b4b21{--display:flex;--flex-direction:column;--container-widget-width:100%;--container-widget-height:initial;--container-widget-flex-grow:0;--container-widget-align-self:initial;--flex-wrap-mobile:wrap;--gap:0px 0px;--row-gap:0px;--column-gap:0px;--overlay-opacity:0.3;--padding-top:120px;--padding-bottom:120px;--padding-left:0px;--padding-right:0px;}.elementor-1344 .elementor-element.elementor-element-35b4b21:not(.elementor-motion-effects-element-type-background), .elementor-1344 .elementor-element.elementor-element-35b4b21 > .elementor-motion-effects-container > .elementor-motion-effects-layer{background-color:var( --e-global-color-primary );background-image:url(\"https:\/\/www.gureas.com\/wp-content\/uploads\/2026\/02\/Frauenkreis-2-1.png\");background-position:center center;background-repeat:no-repeat;background-size:cover;}.elementor-1344 .elementor-element.elementor-element-35b4b21::before, .elementor-1344 .elementor-element.elementor-element-35b4b21 > .elementor-background-video-container::before, .elementor-1344 .elementor-element.elementor-element-35b4b21 > .e-con-inner > .elementor-background-video-container::before, .elementor-1344 .elementor-element.elementor-element-35b4b21 > .elementor-background-slideshow::before, .elementor-1344 .elementor-element.elementor-element-35b4b21 > .e-con-inner > .elementor-background-slideshow::before, .elementor-1344 .elementor-element.elementor-element-35b4b21 > .elementor-motion-effects-container > .elementor-motion-effects-layer::before{background-color:var( --e-global-color-text );--background-overlay:'';}.elementor-widget-heading .elementor-heading-title{font-family:var( --e-global-typography-primary-font-family ), Sans-serif;font-weight:var( --e-global-typography-primary-font-weight );color:var( --e-global-color-primary );}.elementor-1344 .elementor-element.elementor-element-dda161c{text-align:center;}.elementor-1344 .elementor-element.elementor-element-dda161c .elementor-heading-title{font-family:\"PlayfairDisplay Black\", Sans-serif;font-size:60px;font-weight:700;text-transform:capitalize;line-height:70px;letter-spacing:-0.03em;color:var( --e-global-color-476d865 );}.elementor-1344 .elementor-element.elementor-element-d9ced42{--display:flex;--padding-top:100px;--padding-bottom:100px;--padding-left:0px;--padding-right:0px;}.elementor-widget-text-editor{font-family:var( --e-global-typography-text-font-family ), Sans-serif;font-size:var( --e-global-typography-text-font-size );font-weight:var( --e-global-typography-text-font-weight );line-height:var( --e-global-typography-text-line-height );color:var( --e-global-color-text );}.elementor-widget-text-editor.elementor-drop-cap-view-stacked .elementor-drop-cap{background-color:var( --e-global-color-primary );}.elementor-widget-text-editor.elementor-drop-cap-view-framed .elementor-drop-cap, .elementor-widget-text-editor.elementor-drop-cap-view-default .elementor-drop-cap{color:var( --e-global-color-primary );border-color:var( --e-global-color-primary );}.elementor-1344 .elementor-element.elementor-element-ab34c6d{font-family:\"Exo\", Sans-serif;font-size:1em;font-weight:400;line-height:1.7em;}.elementor-1344 .elementor-element.elementor-element-ab34c6d a{color:#0CA9C4;}@media(min-width:768px){.elementor-1344 .elementor-element.elementor-element-35b4b21{--content-width:1170px;}}@media(max-width:1366px){.elementor-widget-text-editor{font-size:var( --e-global-typography-text-font-size );line-height:var( --e-global-typography-text-line-height );}}@media(max-width:1024px){.elementor-widget-text-editor{font-size:var( --e-global-typography-text-font-size );line-height:var( --e-global-typography-text-line-height );}}@media(max-width:767px){.elementor-1344 .elementor-element.elementor-element-35b4b21{--margin-top:-23px;--margin-bottom:0px;--margin-left:0px;--margin-right:0px;--padding-top:150px;--padding-bottom:120px;--padding-left:0px;--padding-right:0px;}.elementor-1344 .elementor-element.elementor-element-dda161c{margin:05px 0px calc(var(--kit-widget-spacing, 0px) + 0px) 0px;}.elementor-1344 .elementor-element.elementor-element-dda161c .elementor-heading-title{font-size:35px;line-height:50px;}.elementor-1344 .elementor-element.elementor-element-d9ced42{--padding-top:50px;--padding-bottom:50px;--padding-left:0px;--padding-right:0px;}.elementor-widget-text-editor{font-size:var( --e-global-typography-text-font-size );line-height:var( --e-global-typography-text-line-height );}.elementor-1344 .elementor-element.elementor-element-ab34c6d{margin:20px 20px calc(var(--kit-widget-spacing, 0px) + 20px) 20px;}}\/* Start Custom Fonts CSS *\/@font-face {\n\tfont-family: 'PlayfairDisplay Black';\n\tfont-style: normal;\n\tfont-weight: normal;\n\tfont-display: auto;\n\tsrc: url('https:\/\/www.gureas.com\/wp-content\/uploads\/2026\/01\/PlayfairDisplay-Black.ttf') format('truetype');\n}\n\/* End Custom Fonts CSS *\/<\/style>\t\t<div data-elementor-type=\"wp-page\" data-elementor-id=\"1344\" class=\"elementor elementor-1344\" data-elementor-settings=\"{&quot;ha_cmc_init_switcher&quot;:&quot;no&quot;}\" data-elementor-post-type=\"page\">\n\t\t\t\t<div class=\"has_eae_slider elementor-element elementor-element-35b4b21 e-flex e-con-boxed wpr-particle-no wpr-jarallax-no wpr-parallax-no wpr-sticky-section-no e-con e-parent\" data-eae-slider=\"74197\" data-id=\"35b4b21\" data-element_type=\"container\" data-settings=\"{&quot;background_background&quot;:&quot;classic&quot;,&quot;_ha_eqh_enable&quot;:false}\">\n\t\t\t\t\t<div class=\"e-con-inner\">\n\t\t\t\t<div class=\"elementor-element elementor-element-dda161c elementor-widget elementor-widget-heading\" data-id=\"dda161c\" data-element_type=\"widget\" data-widget_type=\"heading.default\">\n\t\t\t\t\t<h2 class=\"elementor-heading-title elementor-size-default\">Impressum<\/h2>\t\t\t\t<\/div>\n\t\t\t\t\t<\/div>\n\t\t\t\t<\/div>\n\t\t<div class=\"has_eae_slider elementor-element elementor-element-d9ced42 e-flex e-con-boxed wpr-particle-no wpr-jarallax-no wpr-parallax-no wpr-sticky-section-no e-con e-parent\" data-eae-slider=\"28122\" data-id=\"d9ced42\" data-element_type=\"container\" data-settings=\"{&quot;_ha_eqh_enable&quot;:false}\">\n\t\t\t\t\t<div class=\"e-con-inner\">\n\t\t\t\t<div class=\"elementor-element elementor-element-ab34c6d elementor-widget elementor-widget-text-editor\" data-id=\"ab34c6d\" data-element_type=\"widget\" data-widget_type=\"text-editor.default\">\n\t\t\t\t\t\t\t\t\t<p>Informationspflicht laut \u00a75 E-Commerce Gesetz, \u00a714 Unternehmensgesetzbuch,<\/p><p>\u00a763 Gewerbeordnung und Offenlegungspflicht laut \u00a725 Mediengesetz<\/p><p>Auguste Storkan<\/p><p>Kontaktm\u00f6glichkeiten:<\/p><p>kontakt(@)gureas.com<\/p><p>\u00a0+43 650 2041771<\/p><p>Die Inhalte und Angebote auf gureas.com dienen ausschlie\u00dflich der Information und pers\u00f6nlichen Weiterentwicklung. Die im Rahmen meiner Prozessbegleitung angebotenen M\u00f6glichkeiten sind aus schulmedizinischer Sicht nicht wissenschaftlich belegt und ersetzen keine medizinischen, therapeutischen oder beratenden Leistungen von \u00c4rztInnen oder anderen Gesundheitsberufen.<\/p><p>Meine Arbeit versteht sich nicht als Heilarbeit. Sie stellt keinen Ersatz f\u00fcr \u00e4rztliche oder therapeutische Behandlungen oder Beratungen dar. Die Teilnahme an meinen Angeboten erfolgt freiwillig und in voller Eigenverantwortung der TeilnehmerInnen.<\/p><p>Die auf dieser Website beschriebenen Methoden und Ans\u00e4tze dienen nicht dazu, medizinische Diagnosen zu stellen oder Behandlungen bzw. Therapien im medizinischen oder heilpraktischen Sinn durchzuf\u00fchren oder zu ersetzen. Solche T\u00e4tigkeiten sind gesetzlich geregelt und gem\u00e4\u00df \u00a7 2 Abs. 2 des \u00f6sterreichischen \u00c4rztegesetzes ausschlie\u00dflich \u00c4rztInnen vorbehalten. Humanenergetische Anwendungen k\u00f6nnen daher eine \u00e4rztliche Diagnose oder Behandlung nicht ersetzen.<\/p><p>Wenn Du dich aktuell in medizinischer oder therapeutischer Behandlung befindest oder regelm\u00e4\u00dfig Medikamente bzw. Psychopharmaka einnimmst, bitte ich Dich, mich vorab dar\u00fcber zu informieren, damit ich verantwortungsvoll damit umgehen kann.<\/p><p>Die Teilnahme an meinen Angeboten erfolgt freiwillig und in voller Eigenverantwortung.<\/p><p><strong>Meine Arbeit mit Menschen<\/strong><\/p><p>Die Inanspruchnahme meiner Angebote ist derzeit kostenfrei bzw. erfolgt auf freiwilliger Basis.<\/p><p>Sollten k\u00fcnftig kostenpflichtige Leistungen angeboten werden, werden Umfang, Bedingungen und etwaige Kosten im Vorfeld transparent kommuniziert und gesondert vereinbart.<\/p><p>Es besteht keinerlei Verpflichtung zur Zahlung, sofern nicht ausdr\u00fccklich etwas anderes vereinbart wurde.<\/p><p>Verbraucher haben die M\u00f6glichkeit,<\/p><p>Beschwerden an die OnlineStreitbeilegungsplattform der EU zu richten:<\/p><p><a href=\"http:\/\/ec.europa.eu\/odr\"><strong> http:\/\/ec.europa.eu\/odr<\/strong><\/a>.<\/p><p>Sie k\u00f6nnen allf\u00e4llige Beschwerde auch an die<\/p><p>oben angegebene E-Mail-Adresse richten.<\/p><p>Webdesign &amp; Copyright aller Fotos:<\/p><p>Webdesign: Auguste Storkan in Zusammenarbeit mit\u2026..<\/p><p>Fotos: Auguste Storkan<\/p><p>Teile des auf dieser Website verwendeten Bildmaterials wurden mithilfe k\u00fcnstlicher Intelligenz erstellt.<\/p><p><strong>Haftungsausschluss (Disclaimer)<\/strong><\/p><p>1. Haftung f\u00fcr Inhalte Die Inhalte der Website <a href=\"http:\/\/www.gureas.com\/en\/\"><strong>www.gureas.com<\/strong><\/a> wurden mit gr\u00f6\u00dftm\u00f6glicher Sorgfalt erstellt. F\u00fcr die Richtigkeit, Vollst\u00e4ndigkeit und Aktualit\u00e4t der Inhalte kann ich Auguste Storkan jedoch keine Gew\u00e4hr \u00fcbernehmen. Als Diensteanbieter bin ich gem\u00e4\u00df den allgemeinen Gesetzen f\u00fcr eigene Inhalte auf diesen Seiten verantwortlich. Ich bin jedoch nicht verpflichtet, \u00fcbermittelte oder gespeicherte fremde Informationen zu \u00fcberwachen oder nach Umst\u00e4nden zu forschen, die auf eine rechtswidrige T\u00e4tigkeit hinweisen. Verpflichtungen zur Entfernung oder Sperrung der Nutzung von Informationen nach den allgemeinen Gesetzen bleiben hiervon unber\u00fchrt. Eine Haftung ist jedoch erst ab dem Zeitpunkt der Kenntnis einer konkreten Rechtsverletzung m\u00f6glich. Bei Bekanntwerden entsprechender Rechtsverletzungen werde ich diese Inhalte umgehend entfernen.<\/p><p><strong>2. Haftung f\u00fcr externe Links<\/strong><\/p><p>Meine Website enth\u00e4lt Links zu externen Webseiten Dritter, auf deren Inhalte ich keinen Einfluss habe. Deshalb kann ich f\u00fcr diese fremden Inhalte auch keine Gew\u00e4hr \u00fcbernehmen. F\u00fcr die Inhalte der verlinkten Seiten ist stets der jeweilige Anbieter oder Betreiber der Seiten verantwortlich. Zum Zeitpunkt der Verlinkung waren keine rechtswidrigen Inhalte erkennbar. Bei Bekanntwerden von Rechtsverletzungen werden derartige Links umgehend entfernt.<\/p><p><strong>3. Urheberrecht<\/strong><\/p><p>Die durch die Seitenbetreiberin erstellten Inhalte und Werke auf diesen Webseiten unterliegen dem \u00f6sterreichischen Urheberrecht. Beitr\u00e4ge Dritter sind als solche gekennzeichnet. Die Vervielf\u00e4ltigung, Bearbeitung, Verbreitung und jede Art der Verwertung au\u00dferhalb der Grenzen des Urheberrechts bed\u00fcrfen der vorherigen schriftlichen Zustimmung des jeweiligen Rechteinhabers. Unerlaubtes Kopieren oder Verwenden der Inhalte kann rechtliche Konsequenzen nach sich ziehen.<\/p><p><strong>4. Datenschutz<\/strong><\/p><p>Informationen zum Datenschutz finden Sie auf der separaten Datenschutzerkl\u00e4rung auf dieser Website. Der Nutzung von im Rahmen der Impressumspflicht ver\u00f6ffentlichten Kontaktdaten durch Dritte zur \u00dcbersendung von nicht ausdr\u00fccklich angeforderter Werbung und Informationsmaterialien wird hiermit ausdr\u00fccklich widersprochen. Die Betreiberin beh\u00e4lt sich rechtliche Schritte im Falle der unverlangten Zusendung von Werbeinformationen vor.<\/p>\t\t\t\t\t\t\t\t<\/div>\n\t\t\t\t\t<\/div>\n\t\t\t\t<\/div>\n\t\t\t\t<\/div>","protected":false},"excerpt":{"rendered":"<p>Impressum Informationspflicht laut \u00a75 E-Commerce Gesetz, \u00a714 Unternehmensgesetzbuch, \u00a763 Gewerbeordnung und Offenlegungspflicht laut \u00a725 Mediengesetz Auguste Storkan Kontaktm\u00f6glichkeiten: kontakt(@)gureas.com \u00a0+43 650 2041771 Die Inhalte und Angebote auf gureas.com dienen ausschlie\u00dflich der Information und pers\u00f6nlichen Weiterentwicklung. Die im Rahmen meiner Prozessbegleitung angebotenen M\u00f6glichkeiten sind aus schulmedizinischer Sicht nicht wissenschaftlich belegt und ersetzen keine medizinischen, therapeutischen oder beratenden Leistungen von \u00c4rztInnen oder anderen Gesundheitsberufen. Meine Arbeit versteht sich nicht als Heilarbeit. Sie stellt keinen Ersatz f\u00fcr \u00e4rztliche oder therapeutische Behandlungen oder Beratungen dar. Die Teilnahme an meinen Angeboten erfolgt freiwillig und in voller Eigenverantwortung der TeilnehmerInnen. Die auf dieser Website beschriebenen Methoden und Ans\u00e4tze dienen nicht dazu, medizinische Diagnosen zu stellen oder Behandlungen bzw. Therapien im medizinischen oder heilpraktischen Sinn durchzuf\u00fchren oder zu ersetzen. Solche T\u00e4tigkeiten sind gesetzlich geregelt und gem\u00e4\u00df \u00a7 2 Abs. 2 des \u00f6sterreichischen \u00c4rztegesetzes ausschlie\u00dflich \u00c4rztInnen vorbehalten. Humanenergetische Anwendungen k\u00f6nnen daher eine \u00e4rztliche Diagnose oder Behandlung nicht ersetzen. Wenn Du dich aktuell in medizinischer oder therapeutischer Behandlung befindest oder regelm\u00e4\u00dfig Medikamente bzw. Psychopharmaka einnimmst, bitte ich Dich, mich vorab dar\u00fcber zu informieren, damit ich verantwortungsvoll damit umgehen kann. Die Teilnahme an meinen Angeboten erfolgt freiwillig und in voller Eigenverantwortung. Meine Arbeit mit Menschen Die Inanspruchnahme meiner Angebote ist derzeit kostenfrei bzw. erfolgt auf freiwilliger Basis. Sollten k\u00fcnftig kostenpflichtige Leistungen angeboten werden, werden Umfang, Bedingungen und etwaige Kosten im Vorfeld transparent kommuniziert und gesondert vereinbart. Es besteht keinerlei Verpflichtung zur Zahlung, sofern nicht ausdr\u00fccklich etwas anderes vereinbart wurde. Verbraucher haben die M\u00f6glichkeit, Beschwerden an die OnlineStreitbeilegungsplattform der EU zu richten: http:\/\/ec.europa.eu\/odr. Sie k\u00f6nnen allf\u00e4llige Beschwerde auch an die oben angegebene E-Mail-Adresse richten. Webdesign &amp; Copyright aller Fotos: Webdesign: Auguste Storkan in Zusammenarbeit mit\u2026.. Fotos: Auguste Storkan Teile des auf dieser Website verwendeten Bildmaterials wurden mithilfe k\u00fcnstlicher Intelligenz erstellt. Haftungsausschluss (Disclaimer) 1. Haftung f\u00fcr Inhalte Die Inhalte der Website www.gureas.com wurden mit gr\u00f6\u00dftm\u00f6glicher Sorgfalt erstellt. F\u00fcr die Richtigkeit, Vollst\u00e4ndigkeit und Aktualit\u00e4t der Inhalte kann ich Auguste Storkan jedoch keine Gew\u00e4hr \u00fcbernehmen. Als Diensteanbieter bin ich gem\u00e4\u00df den allgemeinen Gesetzen f\u00fcr eigene Inhalte auf diesen Seiten verantwortlich. Ich bin jedoch nicht verpflichtet, \u00fcbermittelte oder gespeicherte fremde Informationen zu \u00fcberwachen oder nach Umst\u00e4nden zu forschen, die auf eine rechtswidrige T\u00e4tigkeit hinweisen. Verpflichtungen zur Entfernung oder Sperrung der Nutzung von Informationen nach den allgemeinen Gesetzen bleiben hiervon unber\u00fchrt. Eine Haftung ist jedoch erst ab dem Zeitpunkt der Kenntnis einer konkreten Rechtsverletzung m\u00f6glich. Bei Bekanntwerden entsprechender Rechtsverletzungen werde ich diese Inhalte umgehend entfernen. 2. Haftung f\u00fcr externe Links Meine Website enth\u00e4lt Links zu externen Webseiten Dritter, auf deren Inhalte ich keinen Einfluss habe. Deshalb kann ich f\u00fcr diese fremden Inhalte auch keine Gew\u00e4hr \u00fcbernehmen. F\u00fcr die Inhalte der verlinkten Seiten ist stets der jeweilige Anbieter oder Betreiber der Seiten verantwortlich. Zum Zeitpunkt der Verlinkung waren keine rechtswidrigen Inhalte erkennbar. Bei Bekanntwerden von Rechtsverletzungen werden derartige Links umgehend entfernt. 3. Urheberrecht Die durch die Seitenbetreiberin erstellten Inhalte und Werke auf diesen Webseiten unterliegen dem \u00f6sterreichischen Urheberrecht. Beitr\u00e4ge Dritter sind als solche gekennzeichnet. Die Vervielf\u00e4ltigung, Bearbeitung, Verbreitung und jede Art der Verwertung au\u00dferhalb der Grenzen des Urheberrechts bed\u00fcrfen der vorherigen schriftlichen Zustimmung des jeweiligen Rechteinhabers. Unerlaubtes Kopieren oder Verwenden der Inhalte kann rechtliche Konsequenzen nach sich ziehen. 4. Datenschutz Informationen zum Datenschutz finden Sie auf der separaten Datenschutzerkl\u00e4rung auf dieser Website. Der Nutzung von im Rahmen der Impressumspflicht ver\u00f6ffentlichten Kontaktdaten durch Dritte zur \u00dcbersendung von nicht ausdr\u00fccklich angeforderter Werbung und Informationsmaterialien wird hiermit ausdr\u00fccklich widersprochen. Die Betreiberin beh\u00e4lt sich rechtliche Schritte im Falle der unverlangten Zusendung von Werbeinformationen vor.<\/p>","protected":false},"author":1,"featured_media":0,"parent":0,"menu_order":0,"comment_status":"closed","ping_status":"closed","template":"elementor_header_footer","meta":{"site-sidebar-layout":"no-sidebar","site-content-layout":"","ast-site-content-layout":"full-width-container","site-content-style":"default","site-sidebar-style":"default","ast-global-header-display":"","ast-banner-title-visibility":"","ast-main-header-display":"","ast-hfb-above-header-display":"","ast-hfb-below-header-display":"","ast-hfb-mobile-header-display":"","site-post-title":"","ast-breadcrumbs-content":"","ast-featured-img":"disabled","footer-sml-layout":"","ast-disable-related-posts":"","theme-transparent-header-meta":"default","adv-header-id-meta":"","stick-header-meta":"","header-above-stick-meta":"","header-main-stick-meta":"","header-below-stick-meta":"","astra-migrate-meta-layouts":"set","ast-page-background-enabled":"default","ast-page-background-meta":{"desktop":{"background-color":"var(--ast-global-color-5)","background-image":"","background-repeat":"repeat","background-position":"center center","background-size":"auto","background-attachment":"scroll","background-type":"","background-media":"","overlay-type":"","overlay-color":"","overlay-opacity":"","overlay-gradient":""},"tablet":{"background-color":"","background-image":"","background-repeat":"repeat","background-position":"center center","background-size":"auto","background-attachment":"scroll","background-type":"","background-media":"","overlay-type":"","overlay-color":"","overlay-opacity":"","overlay-gradient":""},"mobile":{"background-color":"","background-image":"","background-repeat":"repeat","background-position":"center center","background-size":"auto","background-attachment":"scroll","background-type":"","background-media":"","overlay-type":"","overlay-color":"","overlay-opacity":"","overlay-gradient":""}},"ast-content-background-meta":{"desktop":{"background-color":"var(--ast-global-color-4)","background-image":"","background-repeat":"repeat","background-position":"center center","background-size":"auto","background-attachment":"scroll","background-type":"","background-media":"","overlay-type":"","overlay-color":"","overlay-opacity":"","overlay-gradient":""},"tablet":{"background-color":"var(--ast-global-color-4)","background-image":"","background-repeat":"repeat","background-position":"center center","background-size":"auto","background-attachment":"scroll","background-type":"","background-media":"","overlay-type":"","overlay-color":"","overlay-opacity":"","overlay-gradient":""},"mobile":{"background-color":"var(--ast-global-color-4)","background-image":"","background-repeat":"repeat","background-position":"center center","background-size":"auto","background-attachment":"scroll","background-type":"","background-media":"","overlay-type":"","overlay-color":"","overlay-opacity":"","overlay-gradient":""}},"footnotes":""},"class_list":["post-1344","page","type-page","status-publish","hentry"],"_links":{"self":[{"href":"https:\/\/www.gureas.com\/en\/wp-json\/wp\/v2\/pages\/1344","targetHints":{"allow":["GET"]}}],"collection":[{"href":"https:\/\/www.gureas.com\/en\/wp-json\/wp\/v2\/pages"}],"about":[{"href":"https:\/\/www.gureas.com\/en\/wp-json\/wp\/v2\/types\/page"}],"author":[{"embeddable":true,"href":"https:\/\/www.gureas.com\/en\/wp-json\/wp\/v2\/users\/1"}],"replies":[{"embeddable":true,"href":"https:\/\/www.gureas.com\/en\/wp-json\/wp\/v2\/comments?post=1344"}],"version-history":[{"count":16,"href":"https:\/\/www.gureas.com\/en\/wp-json\/wp\/v2\/pages\/1344\/revisions"}],"predecessor-version":[{"id":1764,"href":"https:\/\/www.gureas.com\/en\/wp-json\/wp\/v2\/pages\/1344\/revisions\/1764"}],"wp:attachment":[{"href":"https:\/\/www.gureas.com\/en\/wp-json\/wp\/v2\/media?parent=1344"}],"curies":[{"name":"wp","href":"https:\/\/api.w.org\/{rel}","templated":true}]}}