{"id":1340,"date":"2026-02-08T15:15:27","date_gmt":"2026-02-08T14:15:27","guid":{"rendered":"https:\/\/www.gureas.com\/?page_id=1340"},"modified":"2026-03-03T20:57:34","modified_gmt":"2026-03-03T19:57:34","slug":"datenschutz-erklaerung","status":"publish","type":"page","link":"https:\/\/www.gureas.com\/en\/datenschutz-erklaerung\/","title":{"rendered":"Datenschutz Erkl\u00e4rung"},"content":{"rendered":"<style>.elementor-1340 .elementor-element.elementor-element-12b4fe8{--display:flex;--flex-direction:column;--container-widget-width:100%;--container-widget-height:initial;--container-widget-flex-grow:0;--container-widget-align-self:initial;--flex-wrap-mobile:wrap;--gap:0px 0px;--row-gap:0px;--column-gap:0px;--overlay-opacity:0.3;--padding-top:120px;--padding-bottom:120px;--padding-left:0px;--padding-right:0px;}.elementor-1340 .elementor-element.elementor-element-12b4fe8:not(.elementor-motion-effects-element-type-background), .elementor-1340 .elementor-element.elementor-element-12b4fe8 > .elementor-motion-effects-container > .elementor-motion-effects-layer{background-color:var( --e-global-color-primary );background-image:url(\"https:\/\/www.gureas.com\/wp-content\/uploads\/2026\/02\/Frauenkreis-2-1.png\");background-position:center center;background-repeat:no-repeat;background-size:cover;}.elementor-1340 .elementor-element.elementor-element-12b4fe8::before, .elementor-1340 .elementor-element.elementor-element-12b4fe8 > .elementor-background-video-container::before, .elementor-1340 .elementor-element.elementor-element-12b4fe8 > .e-con-inner > .elementor-background-video-container::before, .elementor-1340 .elementor-element.elementor-element-12b4fe8 > .elementor-background-slideshow::before, .elementor-1340 .elementor-element.elementor-element-12b4fe8 > .e-con-inner > .elementor-background-slideshow::before, .elementor-1340 .elementor-element.elementor-element-12b4fe8 > .elementor-motion-effects-container > .elementor-motion-effects-layer::before{background-color:var( --e-global-color-text );--background-overlay:'';}.elementor-widget-heading .elementor-heading-title{font-family:var( --e-global-typography-primary-font-family ), Sans-serif;font-weight:var( --e-global-typography-primary-font-weight );color:var( --e-global-color-primary );}.elementor-1340 .elementor-element.elementor-element-d7ab982{text-align:center;}.elementor-1340 .elementor-element.elementor-element-d7ab982 .elementor-heading-title{font-family:\"PlayfairDisplay Black\", Sans-serif;font-size:60px;font-weight:700;text-transform:capitalize;line-height:70px;letter-spacing:-0.03em;color:var( --e-global-color-476d865 );}.elementor-1340 .elementor-element.elementor-element-8e3e0b1{--display:flex;--flex-direction:column;--container-widget-width:100%;--container-widget-height:initial;--container-widget-flex-grow:0;--container-widget-align-self:initial;--flex-wrap-mobile:wrap;--padding-top:100px;--padding-bottom:100px;--padding-left:0px;--padding-right:0px;}.elementor-1340 .elementor-element.elementor-element-0622dec{--display:flex;}.elementor-widget-text-editor{font-family:var( --e-global-typography-text-font-family ), Sans-serif;font-size:var( --e-global-typography-text-font-size );font-weight:var( --e-global-typography-text-font-weight );line-height:var( --e-global-typography-text-line-height );color:var( --e-global-color-text );}.elementor-widget-text-editor.elementor-drop-cap-view-stacked .elementor-drop-cap{background-color:var( --e-global-color-primary );}.elementor-widget-text-editor.elementor-drop-cap-view-framed .elementor-drop-cap, .elementor-widget-text-editor.elementor-drop-cap-view-default .elementor-drop-cap{color:var( --e-global-color-primary );border-color:var( --e-global-color-primary );}.elementor-1340 .elementor-element.elementor-element-cd3468b{font-family:\"Exo\", Sans-serif;font-size:1em;font-weight:400;line-height:1.7em;}.elementor-1340 .elementor-element.elementor-element-cd3468b a{color:#0CA9C4;}@media(min-width:768px){.elementor-1340 .elementor-element.elementor-element-12b4fe8{--content-width:1170px;}}@media(max-width:1366px){.elementor-widget-text-editor{font-size:var( --e-global-typography-text-font-size );line-height:var( --e-global-typography-text-line-height );}}@media(max-width:1024px){.elementor-widget-text-editor{font-size:var( --e-global-typography-text-font-size );line-height:var( --e-global-typography-text-line-height );}}@media(max-width:767px){.elementor-1340 .elementor-element.elementor-element-12b4fe8{--margin-top:-24px;--margin-bottom:0px;--margin-left:0px;--margin-right:0px;--padding-top:150px;--padding-bottom:120px;--padding-left:0px;--padding-right:0px;}.elementor-1340 .elementor-element.elementor-element-d7ab982{margin:05px 0px calc(var(--kit-widget-spacing, 0px) + 0px) 0px;}.elementor-1340 .elementor-element.elementor-element-d7ab982 .elementor-heading-title{font-size:35px;line-height:50px;}.elementor-1340 .elementor-element.elementor-element-8e3e0b1{--padding-top:50px;--padding-bottom:50px;--padding-left:0px;--padding-right:0px;}.elementor-widget-text-editor{font-size:var( --e-global-typography-text-font-size );line-height:var( --e-global-typography-text-line-height );}.elementor-1340 .elementor-element.elementor-element-cd3468b{margin:7px 7px calc(var(--kit-widget-spacing, 0px) + 7px) 7px;}}\/* Start Custom Fonts CSS *\/@font-face {\n\tfont-family: 'PlayfairDisplay Black';\n\tfont-style: normal;\n\tfont-weight: normal;\n\tfont-display: auto;\n\tsrc: url('https:\/\/www.gureas.com\/wp-content\/uploads\/2026\/01\/PlayfairDisplay-Black.ttf') format('truetype');\n}\n\/* End Custom Fonts CSS *\/<\/style>\t\t<div data-elementor-type=\"wp-page\" data-elementor-id=\"1340\" class=\"elementor elementor-1340\" data-elementor-settings=\"{&quot;ha_cmc_init_switcher&quot;:&quot;no&quot;}\" data-elementor-post-type=\"page\">\n\t\t\t\t<div class=\"has_eae_slider elementor-element elementor-element-12b4fe8 e-flex e-con-boxed wpr-particle-no wpr-jarallax-no wpr-parallax-no wpr-sticky-section-no e-con e-parent\" data-eae-slider=\"83031\" data-id=\"12b4fe8\" data-element_type=\"container\" data-settings=\"{&quot;background_background&quot;:&quot;classic&quot;,&quot;_ha_eqh_enable&quot;:false}\">\n\t\t\t\t\t<div class=\"e-con-inner\">\n\t\t\t\t<div class=\"elementor-element elementor-element-d7ab982 elementor-widget elementor-widget-heading\" data-id=\"d7ab982\" data-element_type=\"widget\" data-widget_type=\"heading.default\">\n\t\t\t\t\t<h2 class=\"elementor-heading-title elementor-size-default\">Datenschutz Erkl\u00e4rung<\/h2>\t\t\t\t<\/div>\n\t\t\t\t\t<\/div>\n\t\t\t\t<\/div>\n\t\t<div class=\"has_eae_slider elementor-element elementor-element-8e3e0b1 e-flex e-con-boxed wpr-particle-no wpr-jarallax-no wpr-parallax-no wpr-sticky-section-no e-con e-parent\" data-eae-slider=\"21745\" data-id=\"8e3e0b1\" data-element_type=\"container\" data-settings=\"{&quot;_ha_eqh_enable&quot;:false}\">\n\t\t\t\t\t<div class=\"e-con-inner\">\n\t\t<div class=\"has_eae_slider elementor-element elementor-element-0622dec e-con-full e-flex wpr-particle-no wpr-jarallax-no wpr-parallax-no wpr-sticky-section-no e-con e-child\" data-eae-slider=\"44787\" data-id=\"0622dec\" data-element_type=\"container\" data-settings=\"{&quot;_ha_eqh_enable&quot;:false}\">\n\t\t\t\t<div class=\"elementor-element elementor-element-cd3468b elementor-widget elementor-widget-text-editor\" data-id=\"cd3468b\" data-element_type=\"widget\" data-widget_type=\"text-editor.default\">\n\t\t\t\t\t\t\t\t\t<p><strong>Datenschutzerkl\u00e4rung<\/strong><\/p><p>Der Schutz Ihrer pers\u00f6nlichen Daten ist mir ein wichtiges Anliegen. Ich verarbeite Ihre personenbezogenen Daten daher ausschlie\u00dflich auf Grundlage der geltenden gesetzlichen Bestimmungen (DSGVO, DSG). In dieser Datenschutzerkl\u00e4rung informiere ich Sie dar\u00fcber, welche Daten auf meiner Website erhoben werden, wie diese verwendet werden und welche Rechte Ihnen zustehen.<\/p><p><strong>Verantwortliche<\/strong><\/p><p>Stelle Verantwortlich f\u00fcr die Datenverarbeitung auf dieser Website ist:<\/p><p>Name: Auguste Storkan<\/p><p>E-Mail: kontakt@gureas.com<\/p><p>Website: <a href=\"http:\/\/www.gureas.com\/en\/\">www.gureas.com<\/a><\/p><p><strong>Allgemeines zur Datenverarbeitung<\/strong><\/p><p><span style=\"font-size: 16px;\">Die Nutzung meiner Website ist grunds\u00e4tzlich ohne Angabe personenbezogener Daten m\u00f6glich. Personenbezogene Daten werden nur dann erhoben, wenn Sie mir diese freiwillig mitteilen, zum Beispiel im Rahmen einer Kontaktaufnahme. Ich gebe Ihre Daten nicht ohne Ihre ausdr\u00fcckliche Einwilligung an Dritte weiter, sofern keine gesetzliche Verpflichtung dazu besteht. Ich weise darauf hin, dass die Daten\u00fcbertragung im Internet (z. B. bei der Kommunikation per E-Mail) Sicherheitsl\u00fccken aufweisen kann. Ein vollst\u00e4ndiger Schutz der Daten vor dem Zugriff durch Dritte ist nicht m\u00f6glich. Sie k\u00f6nnen personenbezogene Daten daher auch jederzeit auf alternativen Wegen (z. B. telefonisch) \u00fcbermitteln.<\/span><\/p><p><strong>Hosting<\/strong><\/p><p><strong> Diese Website wird bei folgendem Anbieter gehostet: <\/strong><\/p><p>world4you Internet Services GmbH Die Verarbeitung der Daten erfolgt auf Grundlage eines Auftragsverarbeitungsvertrags gem\u00e4\u00df Art. 28 DSGVO. Weitere Informationen finden Sie in der Datenschutzerkl\u00e4rung von world4you: <a href=\"https:\/\/www.world4you.com\/unternehmen\/datenschutzerklaerung\">https:\/\/www.world4you.com\/unternehmen\/datenschutzerklaerung<\/a><\/p><p><strong>Server-Logfiles<\/strong><\/p><p><strong>Beim Besuch meiner Website werden automatisch Informationen allgemeiner Natur erfasst. Diese Daten (Server-Logfiles) beinhalten etwa:<\/strong><\/p><p>\u2022 Browsertyp und Browserversion<\/p><p>\u2022 verwendetes Betriebssystem<\/p><p>\u2022 Referrer-URL \u2022 aufgerufene Seiten<\/p><p>\u2022 Datum und Uhrzeit des Zugriffs<\/p><p>\u2022 IP-Adresse<\/p><p>\u2022 Internet-Service-Provider<\/p><p>Diese Informationen lassen keine direkten R\u00fcckschl\u00fcsse auf Ihre Person zu und dienen der technischen Sicherheit, Stabilit\u00e4t und Optimierung der Website.<\/p><p><strong>Kontaktformular<\/strong><\/p><p>Wenn Sie mich \u00fcber das Kontaktformular kontaktieren, werden Ihre Angaben inklusive der von Ihnen angegebenen Kontaktdaten zur Bearbeitung Ihrer Anfrage und f\u00fcr m\u00f6gliche Anschlussfragen gespeichert. Diese Daten werden nicht ohne Ihre Einwilligung weitergegeben.<\/p><p><strong> Rechtsgrundlage:<\/strong><\/p><p>\u2022 Art. 6 Abs. 1 lit. b DSGVO (vorvertragliche Ma\u00dfnahmen oder Vertragserf\u00fcllung)<\/p><p>\u2022 Art. 6 Abs. 1 lit. f DSGVO (berechtigtes Interesse an der Bearbeitung von Anfragen)<\/p><p>\u2022 ggf. Art. 6 Abs. 1 lit. a DSGVO (Einwilligung)<\/p><p>Die Daten verbleiben bei mir, bis Sie die L\u00f6schung verlangen, Ihre Einwilligung widerrufen oder der Zweck der Speicherung entf\u00e4llt. Gesetzliche Aufbewahrungsfristen bleiben unber\u00fchrt.<\/p><p><strong>Google reCAPTCHA<\/strong><\/p><p>Zum Schutz meiner Website und insbesondere des Kontaktformulars nutze ich <strong>Google reCAPTCHA<\/strong>, einen Dienst von Google.<\/p><p>reCAPTCHA dient dazu zu \u00fcberpr\u00fcfen, ob die Dateneingabe durch einen Menschen oder durch ein automatisiertes Programm erfolgt. Dabei k\u00f6nnen unter anderem IP-Adresse, Mausbewegungen, Verweildauer und weitere technische Daten an Google \u00fcbermittelt werden.<\/p><p><strong> Rechtsgrundlage:<\/strong> Art. 6 Abs. 1 lit. f DSGVO (berechtigtes Interesse an der Sicherheit der Website)<\/p><p><strong> Weitere Informationen:<\/strong><\/p><p>\u2022https:\/\/policies.google.com\/privacy<\/p><p>\u2022https:\/\/policies.google.com\/terms<\/p><h2>Cookies<\/h2><p>Meine Website verwendet Cookies. Cookies sind kleine Textdateien, die auf Ihrem Endger\u00e4t gespeichert werden und die bestimmte Informationen enthalten.<\/p><p>Ich setze:<\/p><ul><li><strong>technisch notwendige Cookies<\/strong>, die f\u00fcr den Betrieb der Website erforderlich sind<\/li><li><strong>m\u00f6glicherweise auch Marketing- bzw. Drittanbieter-Cookies<\/strong>, z. B. durch eingebettete Inhalte von Social-Media- oder Videoplattformen<\/li><\/ul><p><strong>Cookies<\/strong><\/p><p>Meine Website verwendet Cookies. Cookies sind kleine Textdateien, die auf Ihrem Endger\u00e4t gespeichert werden und die bestimmte Informationen enthalten.<\/p><p>Ich setze:<\/p><p>\u2022 <strong>technisch notwendige Cookies<\/strong>, die f\u00fcr den Betrieb der Website erforderlich sind<\/p><p>\u2022 <strong>m\u00f6glicherweise auch Marketing- bzw. Drittanbieter-Cookies<\/strong>, z. B. durch eingebettete Inhalte von Social-Media- oder Videoplattformen Cookies k\u00f6nnen Ihr Nutzerverhalten analysieren oder Inhalte personalisieren. Sie k\u00f6nnen die Speicherung von Cookies jederzeit \u00fcber die Einstellungen Ihres Browsers einschr\u00e4nken oder verhindern. Bitte beachten Sie, dass dadurch die Funktionalit\u00e4t der Website eingeschr\u00e4nkt sein kann.<\/p><p><strong>Eingebettete Inhalte von Instagram und YouTube<\/strong><\/p><p>Auf meiner Website k\u00f6nnen Inhalte von <strong>Instagram und YouTube<\/strong> direkt eingebettet sein (z. B. Bilder oder Videos).<\/p><p>Beim Aufruf einer Seite mit eingebetteten Inhalten wird eine Verbindung zu den Servern der jeweiligen Anbieter hergestellt. Dabei k\u00f6nnen personenbezogene Daten (z. B. IP-Adresse, Browserinformationen) an diese Dienste \u00fcbermittelt und dort verarbeitet werden \u2013 auch wenn Sie kein eigenes Nutzerkonto besitzen oder nicht eingeloggt sind.<\/p><p><strong>Instagram<\/strong><\/p><p>Instagram ist ein Dienst der Meta Platforms Inc. Datenschutzerkl\u00e4rung: <a href=\"https:\/\/help.instagram.com\/519522125107875\"><strong>https:\/\/help.instagram.com\/519522125107875<\/strong><\/a><\/p><p>YouTube YouTube ist ein Dienst von Google.<\/p><p><strong> Datenschutzerkl\u00e4rung:<\/strong><\/p><p><a href=\"https:\/\/policies.google.com\/\"> https:\/\/policies.google.com\/<\/a>privacy Ich habe keinen Einfluss auf Art und Umfang der Daten, die von diesen Plattformen erhoben werden.<\/p><p><strong>Ihre Rechte <\/strong><\/p><p>Sie haben jederzeit das Recht auf:<\/p><p>\u2022 Auskunft \u00fcber Ihre gespeicherten Daten<\/p><p>\u2022 Berichtigung unrichtiger Daten<\/p><p>\u2022 Einschr\u00e4nkung der Verarbeitung<\/p><p>\u2022 Widerruf einer erteilten Einwilligung<\/p><p>\u2022 Widerspruch gegen die Verarbeitung<\/p><p>Wenn Sie der Ansicht sind, dass die Verarbeitung Ihrer Daten gegen das Datenschutzrecht verst\u00f6\u00dft, haben Sie das Recht, sich bei der zust\u00e4ndigen Aufsichtsbeh\u00f6rde zu beschweren:<\/p><p><strong> \u00d6sterreichische Datenschutzbeh\u00f6rde<\/strong> <a href=\"https:\/\/www.dsb.gv.at\/\">https:\/\/www.dsb.gv.at\/<\/a><\/p>\t\t\t\t\t\t\t\t<\/div>\n\t\t\t\t<\/div>\n\t\t\t\t\t<\/div>\n\t\t\t\t<\/div>\n\t\t\t\t<\/div>","protected":false},"excerpt":{"rendered":"<p>Datenschutz Erkl\u00e4rung Datenschutzerkl\u00e4rung Der Schutz Ihrer pers\u00f6nlichen Daten ist mir ein wichtiges Anliegen. Ich verarbeite Ihre personenbezogenen Daten daher ausschlie\u00dflich auf Grundlage der geltenden gesetzlichen Bestimmungen (DSGVO, DSG). In dieser Datenschutzerkl\u00e4rung informiere ich Sie dar\u00fcber, welche Daten auf meiner Website erhoben werden, wie diese verwendet werden und welche Rechte Ihnen zustehen. Verantwortliche Stelle Verantwortlich f\u00fcr die Datenverarbeitung auf dieser Website ist: Name: Auguste Storkan E-Mail: kontakt@gureas.com Website: www.gureas.com Allgemeines zur Datenverarbeitung Die Nutzung meiner Website ist grunds\u00e4tzlich ohne Angabe personenbezogener Daten m\u00f6glich. Personenbezogene Daten werden nur dann erhoben, wenn Sie mir diese freiwillig mitteilen, zum Beispiel im Rahmen einer Kontaktaufnahme. Ich gebe Ihre Daten nicht ohne Ihre ausdr\u00fcckliche Einwilligung an Dritte weiter, sofern keine gesetzliche Verpflichtung dazu besteht. Ich weise darauf hin, dass die Daten\u00fcbertragung im Internet (z. B. bei der Kommunikation per E-Mail) Sicherheitsl\u00fccken aufweisen kann. Ein vollst\u00e4ndiger Schutz der Daten vor dem Zugriff durch Dritte ist nicht m\u00f6glich. Sie k\u00f6nnen personenbezogene Daten daher auch jederzeit auf alternativen Wegen (z. B. telefonisch) \u00fcbermitteln. Hosting Diese Website wird bei folgendem Anbieter gehostet: world4you Internet Services GmbH Die Verarbeitung der Daten erfolgt auf Grundlage eines Auftragsverarbeitungsvertrags gem\u00e4\u00df Art. 28 DSGVO. Weitere Informationen finden Sie in der Datenschutzerkl\u00e4rung von world4you: https:\/\/www.world4you.com\/unternehmen\/datenschutzerklaerung Server-Logfiles Beim Besuch meiner Website werden automatisch Informationen allgemeiner Natur erfasst. Diese Daten (Server-Logfiles) beinhalten etwa: \u2022 Browsertyp und Browserversion \u2022 verwendetes Betriebssystem \u2022 Referrer-URL \u2022 aufgerufene Seiten \u2022 Datum und Uhrzeit des Zugriffs \u2022 IP-Adresse \u2022 Internet-Service-Provider Diese Informationen lassen keine direkten R\u00fcckschl\u00fcsse auf Ihre Person zu und dienen der technischen Sicherheit, Stabilit\u00e4t und Optimierung der Website. Kontaktformular Wenn Sie mich \u00fcber das Kontaktformular kontaktieren, werden Ihre Angaben inklusive der von Ihnen angegebenen Kontaktdaten zur Bearbeitung Ihrer Anfrage und f\u00fcr m\u00f6gliche Anschlussfragen gespeichert. Diese Daten werden nicht ohne Ihre Einwilligung weitergegeben. Rechtsgrundlage: \u2022 Art. 6 Abs. 1 lit. b DSGVO (vorvertragliche Ma\u00dfnahmen oder Vertragserf\u00fcllung) \u2022 Art. 6 Abs. 1 lit. f DSGVO (berechtigtes Interesse an der Bearbeitung von Anfragen) \u2022 ggf. Art. 6 Abs. 1 lit. a DSGVO (Einwilligung) Die Daten verbleiben bei mir, bis Sie die L\u00f6schung verlangen, Ihre Einwilligung widerrufen oder der Zweck der Speicherung entf\u00e4llt. Gesetzliche Aufbewahrungsfristen bleiben unber\u00fchrt. Google reCAPTCHA Zum Schutz meiner Website und insbesondere des Kontaktformulars nutze ich Google reCAPTCHA, einen Dienst von Google. reCAPTCHA dient dazu zu \u00fcberpr\u00fcfen, ob die Dateneingabe durch einen Menschen oder durch ein automatisiertes Programm erfolgt. Dabei k\u00f6nnen unter anderem IP-Adresse, Mausbewegungen, Verweildauer und weitere technische Daten an Google \u00fcbermittelt werden. Rechtsgrundlage: Art. 6 Abs. 1 lit. f DSGVO (berechtigtes Interesse an der Sicherheit der Website) Weitere Informationen: \u2022https:\/\/policies.google.com\/privacy \u2022https:\/\/policies.google.com\/terms Cookies Meine Website verwendet Cookies. Cookies sind kleine Textdateien, die auf Ihrem Endger\u00e4t gespeichert werden und die bestimmte Informationen enthalten. Ich setze: technisch notwendige Cookies, die f\u00fcr den Betrieb der Website erforderlich sind m\u00f6glicherweise auch Marketing- bzw. Drittanbieter-Cookies, z. B. durch eingebettete Inhalte von Social-Media- oder Videoplattformen Cookies Meine Website verwendet Cookies. Cookies sind kleine Textdateien, die auf Ihrem Endger\u00e4t gespeichert werden und die bestimmte Informationen enthalten. Ich setze: \u2022 technisch notwendige Cookies, die f\u00fcr den Betrieb der Website erforderlich sind \u2022 m\u00f6glicherweise auch Marketing- bzw. Drittanbieter-Cookies, z. B. durch eingebettete Inhalte von Social-Media- oder Videoplattformen Cookies k\u00f6nnen Ihr Nutzerverhalten analysieren oder Inhalte personalisieren. Sie k\u00f6nnen die Speicherung von Cookies jederzeit \u00fcber die Einstellungen Ihres Browsers einschr\u00e4nken oder verhindern. Bitte beachten Sie, dass dadurch die Funktionalit\u00e4t der Website eingeschr\u00e4nkt sein kann. Eingebettete Inhalte von Instagram und YouTube Auf meiner Website k\u00f6nnen Inhalte von Instagram und YouTube direkt eingebettet sein (z. B. Bilder oder Videos). Beim Aufruf einer Seite mit eingebetteten Inhalten wird eine Verbindung zu den Servern der jeweiligen Anbieter hergestellt. Dabei k\u00f6nnen personenbezogene Daten (z. B. IP-Adresse, Browserinformationen) an diese Dienste \u00fcbermittelt und dort verarbeitet werden \u2013 auch wenn Sie kein eigenes Nutzerkonto besitzen oder nicht eingeloggt sind. Instagram Instagram ist ein Dienst der Meta Platforms Inc. Datenschutzerkl\u00e4rung: https:\/\/help.instagram.com\/519522125107875 YouTube YouTube ist ein Dienst von Google. Datenschutzerkl\u00e4rung: https:\/\/policies.google.com\/privacy Ich habe keinen Einfluss auf Art und Umfang der Daten, die von diesen Plattformen erhoben werden. Ihre Rechte Sie haben jederzeit das Recht auf: \u2022 Auskunft \u00fcber Ihre gespeicherten Daten \u2022 Berichtigung unrichtiger Daten \u2022 Einschr\u00e4nkung der Verarbeitung \u2022 Widerruf einer erteilten Einwilligung \u2022 Widerspruch gegen die Verarbeitung Wenn Sie der Ansicht sind, dass die Verarbeitung Ihrer Daten gegen das Datenschutzrecht verst\u00f6\u00dft, haben Sie das Recht, sich bei der zust\u00e4ndigen Aufsichtsbeh\u00f6rde zu beschweren: \u00d6sterreichische Datenschutzbeh\u00f6rde https:\/\/www.dsb.gv.at\/<\/p>","protected":false},"author":1,"featured_media":0,"parent":0,"menu_order":0,"comment_status":"closed","ping_status":"closed","template":"elementor_header_footer","meta":{"site-sidebar-layout":"no-sidebar","site-content-layout":"","ast-site-content-layout":"full-width-container","site-content-style":"default","site-sidebar-style":"default","ast-global-header-display":"","ast-banner-title-visibility":"","ast-main-header-display":"","ast-hfb-above-header-display":"","ast-hfb-below-header-display":"","ast-hfb-mobile-header-display":"","site-post-title":"","ast-breadcrumbs-content":"","ast-featured-img":"disabled","footer-sml-layout":"","ast-disable-related-posts":"","theme-transparent-header-meta":"default","adv-header-id-meta":"","stick-header-meta":"","header-above-stick-meta":"","header-main-stick-meta":"","header-below-stick-meta":"","astra-migrate-meta-layouts":"set","ast-page-background-enabled":"default","ast-page-background-meta":{"desktop":{"background-color":"var(--ast-global-color-5)","background-image":"","background-repeat":"repeat","background-position":"center center","background-size":"auto","background-attachment":"scroll","background-type":"","background-media":"","overlay-type":"","overlay-color":"","overlay-opacity":"","overlay-gradient":""},"tablet":{"background-color":"","background-image":"","background-repeat":"repeat","background-position":"center center","background-size":"auto","background-attachment":"scroll","background-type":"","background-media":"","overlay-type":"","overlay-color":"","overlay-opacity":"","overlay-gradient":""},"mobile":{"background-color":"","background-image":"","background-repeat":"repeat","background-position":"center center","background-size":"auto","background-attachment":"scroll","background-type":"","background-media":"","overlay-type":"","overlay-color":"","overlay-opacity":"","overlay-gradient":""}},"ast-content-background-meta":{"desktop":{"background-color":"var(--ast-global-color-4)","background-image":"","background-repeat":"repeat","background-position":"center center","background-size":"auto","background-attachment":"scroll","background-type":"","background-media":"","overlay-type":"","overlay-color":"","overlay-opacity":"","overlay-gradient":""},"tablet":{"background-color":"var(--ast-global-color-4)","background-image":"","background-repeat":"repeat","background-position":"center center","background-size":"auto","background-attachment":"scroll","background-type":"","background-media":"","overlay-type":"","overlay-color":"","overlay-opacity":"","overlay-gradient":""},"mobile":{"background-color":"var(--ast-global-color-4)","background-image":"","background-repeat":"repeat","background-position":"center center","background-size":"auto","background-attachment":"scroll","background-type":"","background-media":"","overlay-type":"","overlay-color":"","overlay-opacity":"","overlay-gradient":""}},"footnotes":""},"class_list":["post-1340","page","type-page","status-publish","hentry"],"_links":{"self":[{"href":"https:\/\/www.gureas.com\/en\/wp-json\/wp\/v2\/pages\/1340","targetHints":{"allow":["GET"]}}],"collection":[{"href":"https:\/\/www.gureas.com\/en\/wp-json\/wp\/v2\/pages"}],"about":[{"href":"https:\/\/www.gureas.com\/en\/wp-json\/wp\/v2\/types\/page"}],"author":[{"embeddable":true,"href":"https:\/\/www.gureas.com\/en\/wp-json\/wp\/v2\/users\/1"}],"replies":[{"embeddable":true,"href":"https:\/\/www.gureas.com\/en\/wp-json\/wp\/v2\/comments?post=1340"}],"version-history":[{"count":22,"href":"https:\/\/www.gureas.com\/en\/wp-json\/wp\/v2\/pages\/1340\/revisions"}],"predecessor-version":[{"id":1977,"href":"https:\/\/www.gureas.com\/en\/wp-json\/wp\/v2\/pages\/1340\/revisions\/1977"}],"wp:attachment":[{"href":"https:\/\/www.gureas.com\/en\/wp-json\/wp\/v2\/media?parent=1340"}],"curies":[{"name":"wp","href":"https:\/\/api.w.org\/{rel}","templated":true}]}}